{"id":434,"date":"2023-11-10T22:21:49","date_gmt":"2023-11-10T21:21:49","guid":{"rendered":"https:\/\/shop.marcelluna.com\/?post_type=product&#038;p=434"},"modified":"2023-11-10T22:37:39","modified_gmt":"2023-11-10T21:37:39","slug":"bolsa-inspiracao-de-marca-italiana-reconhecida-por-produtos-de-luxo-com-descontracao-com-alca-de-ombro-2","status":"publish","type":"product","link":"https:\/\/shop.marcelluna.com\/index.php\/product\/bolsa-inspiracao-de-marca-italiana-reconhecida-por-produtos-de-luxo-com-descontracao-com-alca-de-ombro-2\/","title":{"rendered":"Bolsa INSPIRA\u00c7\u00c3O de marca italiana reconhecida por produtos de luxo com descontra\u00e7\u00e3o, com al\u00e7a de ombro"},"content":{"rendered":"<h1>Especifica&ccedil;&otilde;es<\/h1>\n<p>&nbsp;<\/p>\n<p>Marca: LXHYSJ<\/p>\n<p>&nbsp;<\/p>\n<p>Tipo de bolsa de m&atilde;o: Shoulder Bags<\/p>\n<p>Tipo de bolsa: Shoulder &amp; Crossbody Bags<\/p>\n<p>Material principal: PU<\/p>\n<p>Material do forro: Couro sint&eacute;tico<\/p>\n<p>Formato: Frame<\/p>\n<p>Ligar de origem: HE BEI &nbsp;Province<\/p>\n<p>Origem: Mainland China<\/p>\n<p>Dureza: SOFT<\/p>\n<p>Estampa: S&oacute;lida<\/p>\n<p>Interior: Bolsa para celular<\/p>\n<p>Exterior: Nenhum<\/p>\n<p>Ocasi&atilde;o: Vers&aacute;til<\/p>\n<p>Tipo de fechamento: zipper<\/p>\n<p>G&ecirc;nero: Feminino<\/p>\n<p>Estilo: Fashion<\/p>\n<p>Model Number: A25<\/p>\n<p>Number of Handles\/Straps: Single<\/p>\n<p>Type: Handbag<\/p>\n<p>Type1: Shoulder Bag<\/p>\n<p>Type2: Crossbody Bag<\/p>\n<p>Type3: Subaxillary Bag<\/p>\n<p>Type4: Woman Bag<\/p>\n<p>Support: Wholesale and Drop Shipping<\/p>\n<p>For: Woman lady<\/p>\n<p>&nbsp;<\/p>\n<p><strong>Descri&ccedil;&atilde;o do produto<\/strong>Recurso:<br \/>\n100% novo e de alta qualidade.<br \/>\nTipo de estilo:&nbsp;Bolsa de ombro, Bolsa crossbody, Bolsa&nbsp;Satchels Bolsas Hobo&nbsp;Tote&nbsp;Bolsas<br \/>\nTamanho: comprimento 21 cm * largura 7,5 cm * altura 13 cm<br \/>\nEmbalagem: 1 pe&ccedil;a, (excluindo outros acess&oacute;rios na imagem).<br \/>\nDevido aos diferentes lotes, o forro interno da bolsa pode ser diferente. O estilo est&aacute; na moda e o pre&ccedil;o &eacute; favor&aacute;vel, tenha a certeza de comprar. (Todas as imagens s&atilde;o fotos reais. No entanto, devido &agrave;s diferentes configura&ccedil;&otilde;es de ilumina&ccedil;&atilde;o e monitor, pode haver pequenas diferen&ccedil;as de cor. Obrigado pela sua compreens&atilde;o.)<br \/>\n1: A bolsa &eacute; excelente em acabamento. Design elegante pode mostrar sua beleza<br \/>\n2: Fornece um design mais humano.<br \/>\n3: Um bom presente para amigos, familiares ou para voc&ecirc; mesmo.<br \/>\n4: Este &eacute; um estilo muito popular, adequado para qualquer esta&ccedil;&atilde;o do ano!<br \/>\nO m&eacute;todo de medi&ccedil;&atilde;o &eacute; diferente, o erro de 1-3 cm (0,4-1,2 polegadas) &eacute; normal<br \/>\n5: Lembrete importante:<\/p>\n<p>&nbsp; &nbsp; 5.1. Verifique se o endere&ccedil;o est&aacute; correto e completo antes do pagamento. Por favor preencha o nome completo do nome do destinat&aacute;rio.<\/p>\n<p>&nbsp; &nbsp; 5.2. O Brazil Post cobra uma taxa de manuseio de US$ 3,50 por pe&ccedil;a, que &eacute; paga pelo comprador.<br \/>\n&nbsp;<\/p>\n<p><img decoding=\"async\" src=\"https:\/\/ae01.alicdn.com\/kf\/S12aa3596daf7489d828c10aa79078b65R.jpg?width=750&amp;height=750&amp;hash=1500\" \/><img decoding=\"async\" src=\"https:\/\/ae01.alicdn.com\/kf\/Se113c299049f4dc5b0ab28c641ed3cd6U.jpg?width=750&amp;height=750&amp;hash=1500\" \/><img decoding=\"async\" src=\"https:\/\/ae01.alicdn.com\/kf\/S997d25f659b84c379f85da9cbe3cc85dK.jpg?width=750&amp;height=750&amp;hash=1500\" \/><img decoding=\"async\" src=\"https:\/\/ae01.alicdn.com\/kf\/S2b967812012946b89cdfc75d37123e48y.jpg?width=750&amp;height=750&amp;hash=1500\" \/><img decoding=\"async\" src=\"https:\/\/ae01.alicdn.com\/kf\/S219a3247fbc04391b3fa79383c5521e93.jpg?width=750&amp;height=750&amp;hash=1500\" \/><img decoding=\"async\" src=\"https:\/\/ae01.alicdn.com\/kf\/S96091e926f524832b1e0faf626cc1da7q.jpg?width=750&amp;height=750&amp;hash=1500\" \/><img decoding=\"async\" src=\"https:\/\/ae01.alicdn.com\/kf\/Sd8a9196ee33845459e1d9ef7bfe91480E.jpg?width=750&amp;height=750&amp;hash=1500\" \/><img decoding=\"async\" src=\"https:\/\/ae01.alicdn.com\/kf\/Sd42e41f9ba44486aa79daecfde198d85P.jpg?width=750&amp;height=750&amp;hash=1500\" \/><img decoding=\"async\" src=\"https:\/\/ae01.alicdn.com\/kf\/Sabc07469362546f7b264c7d8447b804bg.jpg?width=750&amp;height=750&amp;hash=1500\" \/><img decoding=\"async\" src=\"https:\/\/ae01.alicdn.com\/kf\/S26239c3b72204b7282eed3bd58661fc7Y.jpg?width=750&amp;height=750&amp;hash=1500\" \/><img decoding=\"async\" src=\"https:\/\/ae01.alicdn.com\/kf\/Sdece8789692140bbb74ef7ccf98edf6bO.jpg?width=750&amp;height=750&amp;hash=1500\" \/><img decoding=\"async\" src=\"https:\/\/ae01.alicdn.com\/kf\/S4d5ae5300466472db91ac49f75f017f5Z.jpg?width=750&amp;height=750&amp;hash=1500\" \/><img decoding=\"async\" src=\"https:\/\/ae01.alicdn.com\/kf\/S8146b5b1efb5460c890aaf5b37c7f7b4f.jpg?width=750&amp;height=750&amp;hash=1500\" \/><img decoding=\"async\" src=\"https:\/\/ae01.alicdn.com\/kf\/S736d7aecb2774dd1b40e1f75b2254e5dD.jpg?width=750&amp;height=750&amp;hash=1500\" \/><img decoding=\"async\" src=\"https:\/\/ae01.alicdn.com\/kf\/Sf613a3c6a14746ff915aa1523c2237246.jpg?width=800&amp;height=800&amp;hash=1600\" \/><img decoding=\"async\" src=\"https:\/\/ae01.alicdn.com\/kf\/S2ace494264794a7eaf511f228cfc4652B.jpg?width=800&amp;height=800&amp;hash=1600\" \/><img decoding=\"async\" src=\"https:\/\/ae01.alicdn.com\/kf\/S621174894b204046854f25ff724f7dafu.jpg?width=750&amp;height=750&amp;hash=1500\" \/><img decoding=\"async\" src=\"https:\/\/ae01.alicdn.com\/kf\/S3cb971dfc90f41aeb91490b59e677804N.jpg?width=750&amp;height=750&amp;hash=1500\" \/><img decoding=\"async\" src=\"https:\/\/ae01.alicdn.com\/kf\/Se7e4e7e1a4db4854af0aeca3e4a2c99ej.jpg?width=800&amp;height=800&amp;hash=1600\" \/><img decoding=\"async\" src=\"https:\/\/ae01.alicdn.com\/kf\/S4b57cbede0024ef8ac21157969db97ceU.jpg?width=750&amp;height=750&amp;hash=1500\" \/><img decoding=\"async\" src=\"https:\/\/ae01.alicdn.com\/kf\/S4017302df4b24b75937e643084eedf7e1.jpg?width=800&amp;height=800&amp;hash=1600\" \/><img decoding=\"async\" src=\"https:\/\/ae01.alicdn.com\/kf\/Sf30ac59f5ef44e348a928a2cd7dbab9fp.jpg?width=750&amp;height=750&amp;hash=1500\" \/><img decoding=\"async\" src=\"https:\/\/ae01.alicdn.com\/kf\/S7e3a4c1d7f5549f2b83206e46142d555F.jpg?width=800&amp;height=800&amp;hash=1600\" \/><img decoding=\"async\" src=\"https:\/\/ae01.alicdn.com\/kf\/S939501683e70484c871348371e7776f8W.jpg?width=750&amp;height=750&amp;hash=1500\" \/><img decoding=\"async\" src=\"https:\/\/ae01.alicdn.com\/kf\/Sa07d26bc776445c9ae17106a915c781fZ.jpg?width=750&amp;height=750&amp;hash=1500\" \/><img decoding=\"async\" src=\"https:\/\/ae01.alicdn.com\/kf\/S3e97bc087b30412fb0dd960831389b8bY.jpg?width=750&amp;height=750&amp;hash=1500\" \/><img decoding=\"async\" src=\"https:\/\/ae01.alicdn.com\/kf\/S44cb5b32ce314c5a95f181469d4513c4W.jpg?width=750&amp;height=750&amp;hash=1500\" \/><img decoding=\"async\" src=\"https:\/\/ae01.alicdn.com\/kf\/S05449060a8114795995afe7998164f7af.jpg?width=800&amp;height=800&amp;hash=1600\" \/><img decoding=\"async\" src=\"https:\/\/ae01.alicdn.com\/kf\/Sb2d2c25870824b1ab37f160e90c66f70B.jpg?width=750&amp;height=750&amp;hash=1500\" \/><img decoding=\"async\" src=\"https:\/\/ae01.alicdn.com\/kf\/S88f4d31a09b443cfb510be81d461385fm.jpg?width=750&amp;height=750&amp;hash=1500\" \/><img decoding=\"async\" src=\"https:\/\/ae01.alicdn.com\/kf\/S29ea5b4a47c54a7cae0ca2cdd57984811.jpg?width=750&amp;height=750&amp;hash=1500\" \/><\/p>\n","protected":false},"excerpt":{"rendered":"<p>Especifica&ccedil;&otilde;es &nbsp; Marca: LXHYSJ &nbsp; Tipo de bolsa de m&atilde;o: Shoulder Bags Tipo de bolsa: Shoulder &amp; Crossbody Bags Material principal: PU Material do forro: Couro sint&eacute;tico Formato: Frame Ligar de origem: HE BEI &nbsp;Province Origem: Mainland China Dureza: SOFT Estampa: S&oacute;lida Interior: Bolsa para celular Exterior: Nenhum Ocasi&atilde;o: Vers&aacute;til Tipo de fechamento: zipper G&ecirc;nero: [&hellip;]<\/p>\n","protected":false},"featured_media":423,"comment_status":"open","ping_status":"closed","template":"","meta":{"_monsterinsights_skip_tracking":false,"_monsterinsights_sitenote_active":false,"_monsterinsights_sitenote_note":"","_monsterinsights_sitenote_category":0},"product_brand":[],"product_cat":[36],"product_tag":[],"class_list":{"0":"post-434","1":"product","2":"type-product","3":"status-publish","4":"has-post-thumbnail","6":"product_cat-accessories","8":"first","9":"instock","10":"sale","11":"shipping-taxable","12":"purchasable","13":"product-type-variable"},"aioseo_notices":[],"jetpack_sharing_enabled":true,"_links":{"self":[{"href":"https:\/\/shop.marcelluna.com\/index.php\/wp-json\/wp\/v2\/product\/434","targetHints":{"allow":["GET"]}}],"collection":[{"href":"https:\/\/shop.marcelluna.com\/index.php\/wp-json\/wp\/v2\/product"}],"about":[{"href":"https:\/\/shop.marcelluna.com\/index.php\/wp-json\/wp\/v2\/types\/product"}],"replies":[{"embeddable":true,"href":"https:\/\/shop.marcelluna.com\/index.php\/wp-json\/wp\/v2\/comments?post=434"}],"version-history":[{"count":0,"href":"https:\/\/shop.marcelluna.com\/index.php\/wp-json\/wp\/v2\/product\/434\/revisions"}],"wp:featuredmedia":[{"embeddable":true,"href":"https:\/\/shop.marcelluna.com\/index.php\/wp-json\/wp\/v2\/media\/423"}],"wp:attachment":[{"href":"https:\/\/shop.marcelluna.com\/index.php\/wp-json\/wp\/v2\/media?parent=434"}],"wp:term":[{"taxonomy":"product_brand","embeddable":true,"href":"https:\/\/shop.marcelluna.com\/index.php\/wp-json\/wp\/v2\/product_brand?post=434"},{"taxonomy":"product_cat","embeddable":true,"href":"https:\/\/shop.marcelluna.com\/index.php\/wp-json\/wp\/v2\/product_cat?post=434"},{"taxonomy":"product_tag","embeddable":true,"href":"https:\/\/shop.marcelluna.com\/index.php\/wp-json\/wp\/v2\/product_tag?post=434"}],"curies":[{"name":"wp","href":"https:\/\/api.w.org\/{rel}","templated":true}]}}