{"id":387,"date":"2023-11-10T14:58:03","date_gmt":"2023-11-10T13:58:03","guid":{"rendered":"https:\/\/shop.marcelluna.com\/index.php\/product\/bolsa-inspiracao-de-reconhecida-marca-inglesa-em-couro-legitimo-com-alca-de-ombro-ajustavel-e-alca-de-mao-modelo\/"},"modified":"2023-11-10T22:38:37","modified_gmt":"2023-11-10T21:38:37","slug":"bolsa-inspiracao-de-reconhecida-marca-inglesa-em-couro-legitimo-com-alca-de-ombro-ajustavel-e-alca-de-mao-modelo","status":"publish","type":"product","link":"https:\/\/shop.marcelluna.com\/index.php\/product\/bolsa-inspiracao-de-reconhecida-marca-inglesa-em-couro-legitimo-com-alca-de-ombro-ajustavel-e-alca-de-mao-modelo\/","title":{"rendered":"Bolsa INSPIRA\u00c7\u00c3O de reconhecida marca inglesa, em couro leg\u00edtimo com al\u00e7a de ombro ajust\u00e1vel e al\u00e7a de m\u00e3o, Modelo"},"content":{"rendered":"<h1>Especifica&ccedil;&otilde;es<\/h1>\n<p>&nbsp;<\/p>\n<p>Marca: nenhuma<\/p>\n<p>&nbsp;<\/p>\n<p>Origem: Mainland China<\/p>\n<p>CN: Guangdong<\/p>\n<p>Material do forro: Polyester<\/p>\n<p>Material Princial: Couro leg&iacute;timo<\/p>\n<p>Lugar de origem: GUANG DONG Province<\/p>\n<p>Fortato: Balde<\/p>\n<p>Ocasi&atilde;o: Vers&aacute;til<\/p>\n<p>Exterior: Bolso aberto<\/p>\n<p>Tipo de fechamento: zipper<\/p>\n<p>Dureza: Suave<\/p>\n<p>G&ecirc;nero: Feminino<\/p>\n<p>Estampa: listrada<\/p>\n<p>Estilo: Casual<\/p>\n<p>&nbsp;<\/p>\n<div class=\"detailmodule_html\">\n<div class=\"detail-desc-decorate-richtext\">\n<p><img decoding=\"async\" src=\"https:\/\/ae01.alicdn.com\/kf\/S87fe6b95cb024c6ea84f2d1f3e21bc90O.jpg\" \/><img decoding=\"async\" src=\"https:\/\/ae01.alicdn.com\/kf\/S00a5c13919f943e0a45827d407165e2eh.jpg\" \/><img decoding=\"async\" src=\"https:\/\/ae01.alicdn.com\/kf\/S6b82ebf4f2ca4fcba64615259698b2acQ.jpg\" \/><img decoding=\"async\" src=\"https:\/\/ae01.alicdn.com\/kf\/Sbc7eb3391a9942b5a5b75ea263b0cfefr.jpg\" \/><img decoding=\"async\" src=\"https:\/\/ae01.alicdn.com\/kf\/S2c3dd34176ca414d8f935b458c244fc1m.jpg\" \/><img decoding=\"async\" src=\"https:\/\/ae01.alicdn.com\/kf\/Sa08afd80ffdf4adf90ec08466c0b8d37A.jpg\" \/><img decoding=\"async\" src=\"https:\/\/ae01.alicdn.com\/kf\/S0c77d3c67881412499191f7e2460dfbbj.jpg\" \/><img decoding=\"async\" src=\"https:\/\/ae01.alicdn.com\/kf\/S5672c5d5c8d847d6a408aa31aef782a3u.jpg\" \/><img decoding=\"async\" src=\"https:\/\/ae01.alicdn.com\/kf\/S88d5df9304e1405cbb8bc2f6923ca495x.jpg\" \/><img decoding=\"async\" src=\"https:\/\/ae01.alicdn.com\/kf\/Sd8557e7cb1dc416fa51bd2f536b3bff7t.jpg\" \/><img decoding=\"async\" src=\"https:\/\/ae01.alicdn.com\/kf\/S71c570247217436a92027ed99ae79b59K.jpg\" \/><img decoding=\"async\" src=\"https:\/\/ae01.alicdn.com\/kf\/S3549c3271fcc4acbb662de5f06408c53I.jpg\" \/><img decoding=\"async\" src=\"https:\/\/ae01.alicdn.com\/kf\/S67ea31d378d14e03b8e5ecf5c97cc3c2S.jpg\" \/><img decoding=\"async\" src=\"https:\/\/ae01.alicdn.com\/kf\/Sf931b80983f24c679623ce5a881be50bU.jpg\" \/><img decoding=\"async\" src=\"https:\/\/ae01.alicdn.com\/kf\/S6af456d3b0ad4ffb953fab34915c41dbn.jpg\" \/><img decoding=\"async\" src=\"https:\/\/ae01.alicdn.com\/kf\/Sbde0de5a1005430790993fa5d27912b2q.jpg\" \/><img decoding=\"async\" src=\"https:\/\/ae01.alicdn.com\/kf\/Se518dcd9c58d4e61add09c04c0c758afK.jpg\" \/><img decoding=\"async\" src=\"https:\/\/ae01.alicdn.com\/kf\/Sfd1b6e2e19b4474a954d312b4f4624837.jpg\" \/><img decoding=\"async\" src=\"https:\/\/ae01.alicdn.com\/kf\/S3dad07208666425787f4afc9c158a9eaN.jpg\" \/><img decoding=\"async\" src=\"https:\/\/ae01.alicdn.com\/kf\/S235682ef40c44629a42f907c9b663bb2E.jpg\" \/><\/p>\n<\/div>\n<\/div>\n","protected":false},"excerpt":{"rendered":"<p>Especifica&ccedil;&otilde;es &nbsp; Marca: nenhuma &nbsp; Origem: Mainland China CN: Guangdong Material do forro: Polyester Material Princial: Couro leg&iacute;timo Lugar de origem: GUANG DONG Province Fortato: Balde Ocasi&atilde;o: Vers&aacute;til Exterior: Bolso aberto Tipo de fechamento: zipper Dureza: Suave G&ecirc;nero: Feminino Estampa: listrada Estilo: Casual &nbsp;<\/p>\n","protected":false},"featured_media":377,"comment_status":"open","ping_status":"closed","template":"","meta":{"_monsterinsights_skip_tracking":false,"_monsterinsights_sitenote_active":false,"_monsterinsights_sitenote_note":"","_monsterinsights_sitenote_category":0},"product_brand":[],"product_cat":[36],"product_tag":[],"class_list":{"0":"post-387","1":"product","2":"type-product","3":"status-publish","4":"has-post-thumbnail","6":"product_cat-accessories","8":"first","9":"instock","10":"sale","11":"shipping-taxable","12":"purchasable","13":"product-type-variable"},"aioseo_notices":[],"jetpack_sharing_enabled":true,"_links":{"self":[{"href":"https:\/\/shop.marcelluna.com\/index.php\/wp-json\/wp\/v2\/product\/387","targetHints":{"allow":["GET"]}}],"collection":[{"href":"https:\/\/shop.marcelluna.com\/index.php\/wp-json\/wp\/v2\/product"}],"about":[{"href":"https:\/\/shop.marcelluna.com\/index.php\/wp-json\/wp\/v2\/types\/product"}],"replies":[{"embeddable":true,"href":"https:\/\/shop.marcelluna.com\/index.php\/wp-json\/wp\/v2\/comments?post=387"}],"version-history":[{"count":0,"href":"https:\/\/shop.marcelluna.com\/index.php\/wp-json\/wp\/v2\/product\/387\/revisions"}],"wp:featuredmedia":[{"embeddable":true,"href":"https:\/\/shop.marcelluna.com\/index.php\/wp-json\/wp\/v2\/media\/377"}],"wp:attachment":[{"href":"https:\/\/shop.marcelluna.com\/index.php\/wp-json\/wp\/v2\/media?parent=387"}],"wp:term":[{"taxonomy":"product_brand","embeddable":true,"href":"https:\/\/shop.marcelluna.com\/index.php\/wp-json\/wp\/v2\/product_brand?post=387"},{"taxonomy":"product_cat","embeddable":true,"href":"https:\/\/shop.marcelluna.com\/index.php\/wp-json\/wp\/v2\/product_cat?post=387"},{"taxonomy":"product_tag","embeddable":true,"href":"https:\/\/shop.marcelluna.com\/index.php\/wp-json\/wp\/v2\/product_tag?post=387"}],"curies":[{"name":"wp","href":"https:\/\/api.w.org\/{rel}","templated":true}]}}