{"id":356,"date":"2023-11-10T14:39:50","date_gmt":"2023-11-10T13:39:50","guid":{"rendered":"https:\/\/shop.marcelluna.com\/index.php\/product\/bolsa-inspiracao-de-grande-marca-francesa-com-alca-de-ombro-ajustavel-e-alca-de-mao-tendencia-de-luxo\/"},"modified":"2023-11-10T14:40:25","modified_gmt":"2023-11-10T13:40:25","slug":"bolsa-inspiracao-de-grande-marca-francesa-com-alca-de-ombro-ajustavel-e-alca-de-mao-tendencia-de-luxo","status":"publish","type":"product","link":"https:\/\/shop.marcelluna.com\/index.php\/product\/bolsa-inspiracao-de-grande-marca-francesa-com-alca-de-ombro-ajustavel-e-alca-de-mao-tendencia-de-luxo\/","title":{"rendered":"Bolsa INSPIRA\u00c7\u00c3O de grande marca francesa, com al\u00e7a de ombro ajust\u00e1vel e al\u00e7a de m\u00e3o, tend\u00eancia de luxo"},"content":{"rendered":"<h1>Especifica&ccedil;&otilde;es<\/h1>\n<p>&nbsp;<\/p>\n<p>Marca: SHIYUN<\/p>\n<p>&nbsp;<\/p>\n<p>Origem: Mainland China<\/p>\n<p>CN: Zhejiang<\/p>\n<p>Material: Synthetic Leather<\/p>\n<p>Material Principal: TPU<\/p>\n<p>Lugar de origem: ZHE JIANG Province<\/p>\n<p>Modelo: Baguette<\/p>\n<p>Estilo: Versatile \/ Fashion<\/p>\n<p>Tipo de fechamento: zipper<\/p>\n<p>Dureza: SOFT<\/p>\n<p>G&ecirc;nero: WOMEN<\/p>\n<p>Estampa: Lisa<\/p>\n<p>&nbsp;<\/p>\n<p>&nbsp;<\/p>\n<p><img decoding=\"async\" src=\"https:\/\/ae01.alicdn.com\/kf\/S3f48662f6e0c46799510aaa462e251f8g.jpg\" \/><\/p>\n<p><img decoding=\"async\" src=\"https:\/\/ae01.alicdn.com\/kf\/S1131bd7131cc43dba5bbec88e32cec20i.jpg\" \/><img decoding=\"async\" src=\"https:\/\/ae01.alicdn.com\/kf\/Sddc9d61a945f42959fb12d7b7161cc26z.jpg\" \/><img decoding=\"async\" src=\"https:\/\/ae01.alicdn.com\/kf\/S23705747b89b4de5bc0d1f7cc3d403bf5.jpg\" \/><img decoding=\"async\" src=\"https:\/\/ae01.alicdn.com\/kf\/S6500e6c3021d4fff98cefb5969f91ce6w.jpg\" \/><img decoding=\"async\" src=\"https:\/\/ae01.alicdn.com\/kf\/S289b96313c3f4497bddd5fe390a91376F.jpg\" \/><img decoding=\"async\" src=\"https:\/\/ae01.alicdn.com\/kf\/S15af72e8dd924edfa623d49754024e1ba.jpg\" \/><img decoding=\"async\" src=\"https:\/\/ae01.alicdn.com\/kf\/Sc309a3e73b314652a69962561d5e54b6c.jpg\" \/><img decoding=\"async\" src=\"https:\/\/ae01.alicdn.com\/kf\/Sdd2a4f636d40498994c7b8299ffc4364J.jpg\" \/><img decoding=\"async\" src=\"https:\/\/ae01.alicdn.com\/kf\/Sdb7d728f0f3b48d0b401a927d7525326M.jpg\" \/><img decoding=\"async\" src=\"https:\/\/ae01.alicdn.com\/kf\/S93e09eb4e6e6425297ed16e3536b8998n.jpg\" \/><\/p>\n<p>&nbsp;<\/p>\n<p><img decoding=\"async\" src=\"https:\/\/ae03.alicdn.com\/kf\/S8cbb47ddb1384c33a74abcda77275b41K.jpg\" style=\"width:932px !important\" \/><\/p>\n<p><img decoding=\"async\" src=\"https:\/\/ae03.alicdn.com\/kf\/Sa92fc439f0184673869ce5f28c3cf437h.jpg\" style=\"width:932px !important\" \/><\/p>\n<p><img decoding=\"async\" src=\"https:\/\/ae03.alicdn.com\/kf\/S02aa2dd6d6754d95b2db89dace8ec8aeb.jpg\" style=\"width:932px !important\" \/><\/p>\n","protected":false},"excerpt":{"rendered":"<p>Especifica&ccedil;&otilde;es &nbsp; Marca: SHIYUN &nbsp; Origem: Mainland China CN: Zhejiang Material: Synthetic Leather Material Principal: TPU Lugar de origem: ZHE JIANG Province Modelo: Baguette Estilo: Versatile \/ Fashion Tipo de fechamento: zipper Dureza: SOFT G&ecirc;nero: WOMEN Estampa: Lisa &nbsp; &nbsp; &nbsp;<\/p>\n","protected":false},"featured_media":340,"comment_status":"open","ping_status":"closed","template":"","meta":{"_monsterinsights_skip_tracking":false,"_monsterinsights_sitenote_active":false,"_monsterinsights_sitenote_note":"","_monsterinsights_sitenote_category":0},"product_brand":[],"product_cat":[36],"product_tag":[],"class_list":{"0":"post-356","1":"product","2":"type-product","3":"status-publish","4":"has-post-thumbnail","6":"product_cat-accessories","8":"first","9":"instock","10":"sale","11":"shipping-taxable","12":"purchasable","13":"product-type-variable"},"aioseo_notices":[],"jetpack_sharing_enabled":true,"_links":{"self":[{"href":"https:\/\/shop.marcelluna.com\/index.php\/wp-json\/wp\/v2\/product\/356","targetHints":{"allow":["GET"]}}],"collection":[{"href":"https:\/\/shop.marcelluna.com\/index.php\/wp-json\/wp\/v2\/product"}],"about":[{"href":"https:\/\/shop.marcelluna.com\/index.php\/wp-json\/wp\/v2\/types\/product"}],"replies":[{"embeddable":true,"href":"https:\/\/shop.marcelluna.com\/index.php\/wp-json\/wp\/v2\/comments?post=356"}],"version-history":[{"count":0,"href":"https:\/\/shop.marcelluna.com\/index.php\/wp-json\/wp\/v2\/product\/356\/revisions"}],"wp:featuredmedia":[{"embeddable":true,"href":"https:\/\/shop.marcelluna.com\/index.php\/wp-json\/wp\/v2\/media\/340"}],"wp:attachment":[{"href":"https:\/\/shop.marcelluna.com\/index.php\/wp-json\/wp\/v2\/media?parent=356"}],"wp:term":[{"taxonomy":"product_brand","embeddable":true,"href":"https:\/\/shop.marcelluna.com\/index.php\/wp-json\/wp\/v2\/product_brand?post=356"},{"taxonomy":"product_cat","embeddable":true,"href":"https:\/\/shop.marcelluna.com\/index.php\/wp-json\/wp\/v2\/product_cat?post=356"},{"taxonomy":"product_tag","embeddable":true,"href":"https:\/\/shop.marcelluna.com\/index.php\/wp-json\/wp\/v2\/product_tag?post=356"}],"curies":[{"name":"wp","href":"https:\/\/api.w.org\/{rel}","templated":true}]}}