{"id":68,"date":"2019-04-18T11:20:25","date_gmt":"2019-04-18T11:20:25","guid":{"rendered":"https:\/\/envothemes.com\/envo-ecommerce\/?page_id=68"},"modified":"2019-04-18T11:20:25","modified_gmt":"2019-04-18T11:20:25","slug":"sale","status":"publish","type":"page","link":"https:\/\/shop.marcelluna.com\/index.php\/sale\/","title":{"rendered":"Sale"},"content":{"rendered":"\t\t<div data-elementor-type=\"wp-post\" data-elementor-id=\"68\" class=\"elementor elementor-68\">\n\t\t\t\t\t\t<section class=\"elementor-section elementor-top-section elementor-element elementor-element-2ce3a53 elementor-section-height-min-height elementor-section-boxed elementor-section-height-default elementor-section-items-middle\" data-id=\"2ce3a53\" data-element_type=\"section\" data-e-type=\"section\" data-settings=\"{&quot;background_background&quot;:&quot;classic&quot;,&quot;shape_divider_bottom&quot;:&quot;pyramids&quot;}\">\n\t\t\t\t\t\t\t<div class=\"elementor-background-overlay\"><\/div>\n\t\t\t\t\t\t<div class=\"elementor-shape elementor-shape-bottom\" aria-hidden=\"true\" data-negative=\"false\">\n\t\t\t<svg xmlns=\"http:\/\/www.w3.org\/2000\/svg\" viewBox=\"0 0 1000 100\" preserveAspectRatio=\"none\">\n\t<path class=\"elementor-shape-fill\" d=\"M761.9,44.1L643.1,27.2L333.8,98L0,3.8V0l1000,0v3.9\"\/>\n<\/svg>\t\t<\/div>\n\t\t\t\t\t<div class=\"elementor-container elementor-column-gap-default\">\n\t\t\t\t\t<div class=\"elementor-column elementor-col-100 elementor-top-column elementor-element elementor-element-a18943a\" data-id=\"a18943a\" data-element_type=\"column\" data-e-type=\"column\">\n\t\t\t<div class=\"elementor-widget-wrap elementor-element-populated\">\n\t\t\t\t\t\t<div class=\"elementor-element elementor-element-74001ff elementor-widget elementor-widget-heading\" data-id=\"74001ff\" data-element_type=\"widget\" data-e-type=\"widget\" data-widget_type=\"heading.default\">\n\t\t\t\t<div class=\"elementor-widget-container\">\n\t\t\t\t\t<h3 class=\"elementor-heading-title elementor-size-default\">Special Offer<\/h3>\t\t\t\t<\/div>\n\t\t\t\t<\/div>\n\t\t\t\t<div class=\"elementor-element elementor-element-1c1d565 elementor-widget elementor-widget-heading\" data-id=\"1c1d565\" data-element_type=\"widget\" data-e-type=\"widget\" data-widget_type=\"heading.default\">\n\t\t\t\t<div class=\"elementor-widget-container\">\n\t\t\t\t\t<h1 class=\"elementor-heading-title elementor-size-default\">Sale!<\/h1>\t\t\t\t<\/div>\n\t\t\t\t<\/div>\n\t\t\t\t<div class=\"elementor-element elementor-element-bfa71c5 elementor-widget elementor-widget-heading\" data-id=\"bfa71c5\" data-element_type=\"widget\" data-e-type=\"widget\" data-widget_type=\"heading.default\">\n\t\t\t\t<div class=\"elementor-widget-container\">\n\t\t\t\t\t<p class=\"elementor-heading-title elementor-size-default\"><small>Up to<\/small> <b>70%<\/b> <small>off<\/small><\/p>\t\t\t\t<\/div>\n\t\t\t\t<\/div>\n\t\t\t\t\t<\/div>\n\t\t<\/div>\n\t\t\t\t\t<\/div>\n\t\t<\/section>\n\t\t\t\t<section class=\"elementor-section elementor-top-section elementor-element elementor-element-258c1c59 elementor-section-boxed elementor-section-height-default elementor-section-height-default\" data-id=\"258c1c59\" data-element_type=\"section\" data-e-type=\"section\">\n\t\t\t\t\t\t<div class=\"elementor-container elementor-column-gap-default\">\n\t\t\t\t\t<div class=\"elementor-column elementor-col-100 elementor-top-column elementor-element elementor-element-73c7405b\" data-id=\"73c7405b\" data-element_type=\"column\" data-e-type=\"column\">\n\t\t\t<div class=\"elementor-widget-wrap elementor-element-populated\">\n\t\t\t\t\t\t<div class=\"elementor-element elementor-element-69e5b12a elementor-widget elementor-widget-text-editor\" data-id=\"69e5b12a\" data-element_type=\"widget\" data-e-type=\"widget\" data-widget_type=\"text-editor.default\">\n\t\t\t\t<div class=\"elementor-widget-container\">\n\t\t\t\t\t\t\t\t\t<div class=\"woocommerce columns-3 \"><ul class=\"products columns-3\">\n<li class=\"product type-product post-456 status-publish first instock product_cat-accessories has-post-thumbnail sale shipping-taxable purchasable product-type-variable\">\n\t<a href=\"https:\/\/shop.marcelluna.com\/index.php\/product\/bolsa-inspiracao-de-marca-italiana-reconhecida-por-produtos-de-luxo-com-descontracao-com-alca-de-ombro\/\" class=\"woocommerce-LoopProduct-link woocommerce-loop-product__link\">\n\t<span class=\"onsale\">Oferta!<\/span>\n\t<img fetchpriority=\"high\" decoding=\"async\" width=\"300\" height=\"300\" src=\"https:\/\/shop.marcelluna.com\/wp-content\/uploads\/2023\/11\/Sf423d948d6e44135927cb4ec0064dbf3r-1-300x300.webp\" class=\"attachment-woocommerce_thumbnail size-woocommerce_thumbnail\" alt=\"Bolsa INSPIRA\u00c7\u00c3O de marca italiana reconhecida por produtos de luxo com descontra\u00e7\u00e3o, com al\u00e7a de ombro\" srcset=\"https:\/\/shop.marcelluna.com\/wp-content\/uploads\/2023\/11\/Sf423d948d6e44135927cb4ec0064dbf3r-1-300x300.webp 300w, https:\/\/shop.marcelluna.com\/wp-content\/uploads\/2023\/11\/Sf423d948d6e44135927cb4ec0064dbf3r-1-150x150.webp 150w, https:\/\/shop.marcelluna.com\/wp-content\/uploads\/2023\/11\/Sf423d948d6e44135927cb4ec0064dbf3r-1-768x768.webp 768w, https:\/\/shop.marcelluna.com\/wp-content\/uploads\/2023\/11\/Sf423d948d6e44135927cb4ec0064dbf3r-1-600x600.webp 600w, https:\/\/shop.marcelluna.com\/wp-content\/uploads\/2023\/11\/Sf423d948d6e44135927cb4ec0064dbf3r-1-100x100.webp 100w, https:\/\/shop.marcelluna.com\/wp-content\/uploads\/2023\/11\/Sf423d948d6e44135927cb4ec0064dbf3r-1.webp 800w\" sizes=\"(max-width: 300px) 100vw, 300px\" \/><h2 class=\"woocommerce-loop-product__title\">Bolsa INSPIRA\u00c7\u00c3O de marca italiana reconhecida por produtos de luxo com descontra\u00e7\u00e3o, com al\u00e7a de ombro<\/h2>\n\t<span class=\"price\"><del aria-hidden=\"true\"><span class=\"woocommerce-Price-amount amount\"><bdi><span class=\"woocommerce-Price-currencySymbol\">&euro;<\/span>&nbsp;60,00<\/bdi><\/span><\/del> <span class=\"screen-reader-text\">O pre\u00e7o original era: &euro;&nbsp;60,00.<\/span><ins aria-hidden=\"true\"><span class=\"woocommerce-Price-amount amount\"><bdi><span class=\"woocommerce-Price-currencySymbol\">&euro;<\/span>&nbsp;44,99<\/bdi><\/span><\/ins><span class=\"screen-reader-text\">O pre\u00e7o atual \u00e9: &euro;&nbsp;44,99.<\/span><\/span>\n<\/a><a href=\"https:\/\/shop.marcelluna.com\/index.php\/product\/bolsa-inspiracao-de-marca-italiana-reconhecida-por-produtos-de-luxo-com-descontracao-com-alca-de-ombro\/\" aria-describedby=\"woocommerce_loop_add_to_cart_link_describedby_456\" data-quantity=\"1\" class=\"button product_type_variable add_to_cart_button\" data-product_id=\"456\" data-product_sku=\"cl79ud5e5vu000ejgrrg\" aria-label=\"Selecione as op\u00e7\u00f5es para &ldquo;Bolsa INSPIRA\u00c7\u00c3O de marca italiana reconhecida por produtos de luxo com descontra\u00e7\u00e3o, com al\u00e7a de ombro&rdquo;\" rel=\"nofollow\">Ver op\u00e7\u00f5es<\/a>\t<span id=\"woocommerce_loop_add_to_cart_link_describedby_456\" class=\"screen-reader-text\">\n\t\tEste produto tem v\u00e1rias variantes. As op\u00e7\u00f5es podem ser escolhidas na p\u00e1gina do produto\t<\/span>\n<\/li>\n<li class=\"product type-product post-434 status-publish instock product_cat-accessories has-post-thumbnail sale shipping-taxable purchasable product-type-variable\">\n\t<a href=\"https:\/\/shop.marcelluna.com\/index.php\/product\/bolsa-inspiracao-de-marca-italiana-reconhecida-por-produtos-de-luxo-com-descontracao-com-alca-de-ombro-2\/\" class=\"woocommerce-LoopProduct-link woocommerce-loop-product__link\">\n\t<span class=\"onsale\">Oferta!<\/span>\n\t<img decoding=\"async\" width=\"300\" height=\"300\" src=\"https:\/\/shop.marcelluna.com\/wp-content\/uploads\/2023\/11\/Sf423d948d6e44135927cb4ec0064dbf3r-300x300.webp\" class=\"attachment-woocommerce_thumbnail size-woocommerce_thumbnail\" alt=\"Bolsa INSPIRA\u00c7\u00c3O de marca italiana reconhecida por produtos de luxo com descontra\u00e7\u00e3o, com al\u00e7a de ombro\" srcset=\"https:\/\/shop.marcelluna.com\/wp-content\/uploads\/2023\/11\/Sf423d948d6e44135927cb4ec0064dbf3r-300x300.webp 300w, https:\/\/shop.marcelluna.com\/wp-content\/uploads\/2023\/11\/Sf423d948d6e44135927cb4ec0064dbf3r-150x150.webp 150w, https:\/\/shop.marcelluna.com\/wp-content\/uploads\/2023\/11\/Sf423d948d6e44135927cb4ec0064dbf3r-768x768.webp 768w, https:\/\/shop.marcelluna.com\/wp-content\/uploads\/2023\/11\/Sf423d948d6e44135927cb4ec0064dbf3r-600x600.webp 600w, https:\/\/shop.marcelluna.com\/wp-content\/uploads\/2023\/11\/Sf423d948d6e44135927cb4ec0064dbf3r-100x100.webp 100w, https:\/\/shop.marcelluna.com\/wp-content\/uploads\/2023\/11\/Sf423d948d6e44135927cb4ec0064dbf3r.webp 800w\" sizes=\"(max-width: 300px) 100vw, 300px\" \/><h2 class=\"woocommerce-loop-product__title\">Bolsa INSPIRA\u00c7\u00c3O de marca italiana reconhecida por produtos de luxo com descontra\u00e7\u00e3o, com al\u00e7a de ombro<\/h2>\n\t<span class=\"price\"><del aria-hidden=\"true\"><span class=\"woocommerce-Price-amount amount\"><bdi><span class=\"woocommerce-Price-currencySymbol\">&euro;<\/span>&nbsp;60,00<\/bdi><\/span><\/del> <span class=\"screen-reader-text\">O pre\u00e7o original era: &euro;&nbsp;60,00.<\/span><ins aria-hidden=\"true\"><span class=\"woocommerce-Price-amount amount\"><bdi><span class=\"woocommerce-Price-currencySymbol\">&euro;<\/span>&nbsp;44,99<\/bdi><\/span><\/ins><span class=\"screen-reader-text\">O pre\u00e7o atual \u00e9: &euro;&nbsp;44,99.<\/span><\/span>\n<\/a><a href=\"https:\/\/shop.marcelluna.com\/index.php\/product\/bolsa-inspiracao-de-marca-italiana-reconhecida-por-produtos-de-luxo-com-descontracao-com-alca-de-ombro-2\/\" aria-describedby=\"woocommerce_loop_add_to_cart_link_describedby_434\" data-quantity=\"1\" class=\"button product_type_variable add_to_cart_button\" data-product_id=\"434\" data-product_sku=\"cl79to5e5vu000ejgrr0\" aria-label=\"Selecione as op\u00e7\u00f5es para &ldquo;Bolsa INSPIRA\u00c7\u00c3O de marca italiana reconhecida por produtos de luxo com descontra\u00e7\u00e3o, com al\u00e7a de ombro&rdquo;\" rel=\"nofollow\">Ver op\u00e7\u00f5es<\/a>\t<span id=\"woocommerce_loop_add_to_cart_link_describedby_434\" class=\"screen-reader-text\">\n\t\tEste produto tem v\u00e1rias variantes. As op\u00e7\u00f5es podem ser escolhidas na p\u00e1gina do produto\t<\/span>\n<\/li>\n<li class=\"product type-product post-408 status-publish last instock product_cat-accessories has-post-thumbnail sale shipping-taxable purchasable product-type-variable\">\n\t<a href=\"https:\/\/shop.marcelluna.com\/index.php\/product\/bolsa-de-mao-feminina-inspiracao-de-uma-reconhecida-marca-que-leva-o-nome-de-famosa-estilista-venezuelana-modelo-2023-excelente-para-o-dia-a-dia-e-para-praia\/\" class=\"woocommerce-LoopProduct-link woocommerce-loop-product__link\">\n\t<span class=\"onsale\">Oferta!<\/span>\n\t<img decoding=\"async\" width=\"300\" height=\"300\" src=\"https:\/\/shop.marcelluna.com\/wp-content\/uploads\/2023\/11\/S82415ad124d64fe5bf3ba2a425154d71b-300x300.webp\" class=\"attachment-woocommerce_thumbnail size-woocommerce_thumbnail\" alt=\"Bolsa de m\u00e3o feminina INSPIRA\u00c7\u00c3O de uma reconhecida marca que leva o nome de famosa estilista venezuelana. Modelo 2023. Excelente para o dia-a-dia e para praia\" srcset=\"https:\/\/shop.marcelluna.com\/wp-content\/uploads\/2023\/11\/S82415ad124d64fe5bf3ba2a425154d71b-300x300.webp 300w, https:\/\/shop.marcelluna.com\/wp-content\/uploads\/2023\/11\/S82415ad124d64fe5bf3ba2a425154d71b-150x150.webp 150w, https:\/\/shop.marcelluna.com\/wp-content\/uploads\/2023\/11\/S82415ad124d64fe5bf3ba2a425154d71b-768x768.webp 768w, https:\/\/shop.marcelluna.com\/wp-content\/uploads\/2023\/11\/S82415ad124d64fe5bf3ba2a425154d71b-600x600.webp 600w, https:\/\/shop.marcelluna.com\/wp-content\/uploads\/2023\/11\/S82415ad124d64fe5bf3ba2a425154d71b-100x100.webp 100w, https:\/\/shop.marcelluna.com\/wp-content\/uploads\/2023\/11\/S82415ad124d64fe5bf3ba2a425154d71b.webp 800w\" sizes=\"(max-width: 300px) 100vw, 300px\" \/><h2 class=\"woocommerce-loop-product__title\">Bolsa de m\u00e3o feminina INSPIRA\u00c7\u00c3O de uma reconhecida marca que leva o nome de famosa estilista venezuelana. Modelo 2023. Excelente para o dia-a-dia e para praia<\/h2>\n\t<span class=\"price\"><del aria-hidden=\"true\"><span class=\"woocommerce-Price-amount amount\"><bdi><span class=\"woocommerce-Price-currencySymbol\">&euro;<\/span>&nbsp;150,00<\/bdi><\/span><\/del> <span class=\"screen-reader-text\">O pre\u00e7o original era: &euro;&nbsp;150,00.<\/span><ins aria-hidden=\"true\"><span class=\"woocommerce-Price-amount amount\"><bdi><span class=\"woocommerce-Price-currencySymbol\">&euro;<\/span>&nbsp;130,00<\/bdi><\/span><\/ins><span class=\"screen-reader-text\">O pre\u00e7o atual \u00e9: &euro;&nbsp;130,00.<\/span><\/span>\n<\/a><a href=\"https:\/\/shop.marcelluna.com\/index.php\/product\/bolsa-de-mao-feminina-inspiracao-de-uma-reconhecida-marca-que-leva-o-nome-de-famosa-estilista-venezuelana-modelo-2023-excelente-para-o-dia-a-dia-e-para-praia\/\" aria-describedby=\"woocommerce_loop_add_to_cart_link_describedby_408\" data-quantity=\"1\" class=\"button product_type_variable add_to_cart_button\" data-product_id=\"408\" data-product_sku=\"cl79nlomt5pg00djil1g\" aria-label=\"Selecione as op\u00e7\u00f5es para &ldquo;Bolsa de m\u00e3o feminina INSPIRA\u00c7\u00c3O de uma reconhecida marca que leva o nome de famosa estilista venezuelana. Modelo 2023. Excelente para o dia-a-dia e para praia&rdquo;\" rel=\"nofollow\">Ver op\u00e7\u00f5es<\/a>\t<span id=\"woocommerce_loop_add_to_cart_link_describedby_408\" class=\"screen-reader-text\">\n\t\tEste produto tem v\u00e1rias variantes. As op\u00e7\u00f5es podem ser escolhidas na p\u00e1gina do produto\t<\/span>\n<\/li>\n<li class=\"product type-product post-387 status-publish first instock product_cat-accessories has-post-thumbnail sale shipping-taxable purchasable product-type-variable\">\n\t<a href=\"https:\/\/shop.marcelluna.com\/index.php\/product\/bolsa-inspiracao-de-reconhecida-marca-inglesa-em-couro-legitimo-com-alca-de-ombro-ajustavel-e-alca-de-mao-modelo\/\" class=\"woocommerce-LoopProduct-link woocommerce-loop-product__link\">\n\t<span class=\"onsale\">Oferta!<\/span>\n\t<img loading=\"lazy\" decoding=\"async\" width=\"300\" height=\"300\" src=\"https:\/\/shop.marcelluna.com\/wp-content\/uploads\/2023\/11\/S8c674903ccd64b7a905a8263879b2883q-300x300.webp\" class=\"attachment-woocommerce_thumbnail size-woocommerce_thumbnail\" alt=\"Bolsa INSPIRA\u00c7\u00c3O de reconhecida marca inglesa, em couro leg\u00edtimo com al\u00e7a de ombro ajust\u00e1vel e al\u00e7a de m\u00e3o, Modelo\" srcset=\"https:\/\/shop.marcelluna.com\/wp-content\/uploads\/2023\/11\/S8c674903ccd64b7a905a8263879b2883q-300x300.webp 300w, https:\/\/shop.marcelluna.com\/wp-content\/uploads\/2023\/11\/S8c674903ccd64b7a905a8263879b2883q-150x150.webp 150w, https:\/\/shop.marcelluna.com\/wp-content\/uploads\/2023\/11\/S8c674903ccd64b7a905a8263879b2883q-768x768.webp 768w, https:\/\/shop.marcelluna.com\/wp-content\/uploads\/2023\/11\/S8c674903ccd64b7a905a8263879b2883q-600x600.webp 600w, https:\/\/shop.marcelluna.com\/wp-content\/uploads\/2023\/11\/S8c674903ccd64b7a905a8263879b2883q-100x100.webp 100w, https:\/\/shop.marcelluna.com\/wp-content\/uploads\/2023\/11\/S8c674903ccd64b7a905a8263879b2883q.webp 800w\" sizes=\"(max-width: 300px) 100vw, 300px\" \/><h2 class=\"woocommerce-loop-product__title\">Bolsa INSPIRA\u00c7\u00c3O de reconhecida marca inglesa, em couro leg\u00edtimo com al\u00e7a de ombro ajust\u00e1vel e al\u00e7a de m\u00e3o, Modelo<\/h2>\n\t<span class=\"price\"><del aria-hidden=\"true\"><span class=\"woocommerce-Price-amount amount\"><bdi><span class=\"woocommerce-Price-currencySymbol\">&euro;<\/span>&nbsp;89,99<\/bdi><\/span><\/del> <span class=\"screen-reader-text\">O pre\u00e7o original era: &euro;&nbsp;89,99.<\/span><ins aria-hidden=\"true\"><span class=\"woocommerce-Price-amount amount\"><bdi><span class=\"woocommerce-Price-currencySymbol\">&euro;<\/span>&nbsp;69,99<\/bdi><\/span><\/ins><span class=\"screen-reader-text\">O pre\u00e7o atual \u00e9: &euro;&nbsp;69,99.<\/span><\/span>\n<\/a><a href=\"https:\/\/shop.marcelluna.com\/index.php\/product\/bolsa-inspiracao-de-reconhecida-marca-inglesa-em-couro-legitimo-com-alca-de-ombro-ajustavel-e-alca-de-mao-modelo\/\" aria-describedby=\"woocommerce_loop_add_to_cart_link_describedby_387\" data-quantity=\"1\" class=\"button product_type_variable add_to_cart_button\" data-product_id=\"387\" data-product_sku=\"cl73dnle5vu000ejgkeg\" aria-label=\"Selecione as op\u00e7\u00f5es para &ldquo;Bolsa INSPIRA\u00c7\u00c3O de reconhecida marca inglesa, em couro leg\u00edtimo com al\u00e7a de ombro ajust\u00e1vel e al\u00e7a de m\u00e3o, Modelo&rdquo;\" rel=\"nofollow\">Ver op\u00e7\u00f5es<\/a>\t<span id=\"woocommerce_loop_add_to_cart_link_describedby_387\" class=\"screen-reader-text\">\n\t\tEste produto tem v\u00e1rias variantes. As op\u00e7\u00f5es podem ser escolhidas na p\u00e1gina do produto\t<\/span>\n<\/li>\n<li class=\"product type-product post-356 status-publish instock product_cat-accessories has-post-thumbnail sale shipping-taxable purchasable product-type-variable\">\n\t<a href=\"https:\/\/shop.marcelluna.com\/index.php\/product\/bolsa-inspiracao-de-grande-marca-francesa-com-alca-de-ombro-ajustavel-e-alca-de-mao-tendencia-de-luxo\/\" class=\"woocommerce-LoopProduct-link woocommerce-loop-product__link\">\n\t<span class=\"onsale\">Oferta!<\/span>\n\t<img loading=\"lazy\" decoding=\"async\" width=\"300\" height=\"300\" src=\"https:\/\/shop.marcelluna.com\/wp-content\/uploads\/2023\/11\/S460c00667d9a4662a63dfea89d8e528aL-300x300.webp\" class=\"attachment-woocommerce_thumbnail size-woocommerce_thumbnail\" alt=\"Bolsa INSPIRA\u00c7\u00c3O de grande marca francesa, com al\u00e7a de ombro ajust\u00e1vel e al\u00e7a de m\u00e3o, tend\u00eancia de luxo\" srcset=\"https:\/\/shop.marcelluna.com\/wp-content\/uploads\/2023\/11\/S460c00667d9a4662a63dfea89d8e528aL-300x300.webp 300w, https:\/\/shop.marcelluna.com\/wp-content\/uploads\/2023\/11\/S460c00667d9a4662a63dfea89d8e528aL-150x150.webp 150w, https:\/\/shop.marcelluna.com\/wp-content\/uploads\/2023\/11\/S460c00667d9a4662a63dfea89d8e528aL-768x768.webp 768w, https:\/\/shop.marcelluna.com\/wp-content\/uploads\/2023\/11\/S460c00667d9a4662a63dfea89d8e528aL-600x600.webp 600w, https:\/\/shop.marcelluna.com\/wp-content\/uploads\/2023\/11\/S460c00667d9a4662a63dfea89d8e528aL-100x100.webp 100w, https:\/\/shop.marcelluna.com\/wp-content\/uploads\/2023\/11\/S460c00667d9a4662a63dfea89d8e528aL.webp 800w\" sizes=\"(max-width: 300px) 100vw, 300px\" \/><h2 class=\"woocommerce-loop-product__title\">Bolsa INSPIRA\u00c7\u00c3O de grande marca francesa, com al\u00e7a de ombro ajust\u00e1vel e al\u00e7a de m\u00e3o, tend\u00eancia de luxo<\/h2>\n\t<span class=\"price\"><del aria-hidden=\"true\"><span class=\"woocommerce-Price-amount amount\"><bdi><span class=\"woocommerce-Price-currencySymbol\">&euro;<\/span>&nbsp;52,00<\/bdi><\/span><\/del> <span class=\"screen-reader-text\">O pre\u00e7o original era: &euro;&nbsp;52,00.<\/span><ins aria-hidden=\"true\"><span class=\"woocommerce-Price-amount amount\"><bdi><span class=\"woocommerce-Price-currencySymbol\">&euro;<\/span>&nbsp;38,00<\/bdi><\/span><\/ins><span class=\"screen-reader-text\">O pre\u00e7o atual \u00e9: &euro;&nbsp;38,00.<\/span><\/span>\n<\/a><a href=\"https:\/\/shop.marcelluna.com\/index.php\/product\/bolsa-inspiracao-de-grande-marca-francesa-com-alca-de-ombro-ajustavel-e-alca-de-mao-tendencia-de-luxo\/\" aria-describedby=\"woocommerce_loop_add_to_cart_link_describedby_356\" data-quantity=\"1\" class=\"button product_type_variable add_to_cart_button\" data-product_id=\"356\" data-product_sku=\"cl7354te5vu000ejgk70\" aria-label=\"Selecione as op\u00e7\u00f5es para &ldquo;Bolsa INSPIRA\u00c7\u00c3O de grande marca francesa, com al\u00e7a de ombro ajust\u00e1vel e al\u00e7a de m\u00e3o, tend\u00eancia de luxo&rdquo;\" rel=\"nofollow\">Ver op\u00e7\u00f5es<\/a>\t<span id=\"woocommerce_loop_add_to_cart_link_describedby_356\" class=\"screen-reader-text\">\n\t\tEste produto tem v\u00e1rias variantes. As op\u00e7\u00f5es podem ser escolhidas na p\u00e1gina do produto\t<\/span>\n<\/li>\n<\/ul>\n<\/div>\t\t\t\t\t\t\t\t<\/div>\n\t\t\t\t<\/div>\n\t\t\t\t\t<\/div>\n\t\t<\/div>\n\t\t\t\t\t<\/div>\n\t\t<\/section>\n\t\t\t\t<\/div>\n\t\t","protected":false},"excerpt":{"rendered":"<p>Special Offer Sale! Up to 70% off<\/p>\n","protected":false},"author":1,"featured_media":0,"parent":0,"menu_order":0,"comment_status":"closed","ping_status":"closed","template":"template-parts\/template-page-builders.php","meta":{"_monsterinsights_skip_tracking":false,"_monsterinsights_sitenote_active":false,"_monsterinsights_sitenote_note":"","_monsterinsights_sitenote_category":0,"footnotes":""},"class_list":["post-68","page","type-page","status-publish","hentry"],"aioseo_notices":[],"jetpack_sharing_enabled":true,"_links":{"self":[{"href":"https:\/\/shop.marcelluna.com\/index.php\/wp-json\/wp\/v2\/pages\/68","targetHints":{"allow":["GET"]}}],"collection":[{"href":"https:\/\/shop.marcelluna.com\/index.php\/wp-json\/wp\/v2\/pages"}],"about":[{"href":"https:\/\/shop.marcelluna.com\/index.php\/wp-json\/wp\/v2\/types\/page"}],"author":[{"embeddable":true,"href":"https:\/\/shop.marcelluna.com\/index.php\/wp-json\/wp\/v2\/users\/1"}],"replies":[{"embeddable":true,"href":"https:\/\/shop.marcelluna.com\/index.php\/wp-json\/wp\/v2\/comments?post=68"}],"version-history":[{"count":0,"href":"https:\/\/shop.marcelluna.com\/index.php\/wp-json\/wp\/v2\/pages\/68\/revisions"}],"wp:attachment":[{"href":"https:\/\/shop.marcelluna.com\/index.php\/wp-json\/wp\/v2\/media?parent=68"}],"curies":[{"name":"wp","href":"https:\/\/api.w.org\/{rel}","templated":true}]}}